{"id":537,"date":"2021-03-24T19:42:59","date_gmt":"2021-03-24T19:42:59","guid":{"rendered":"https:\/\/jefosp.net\/?page_id=537"},"modified":"2021-03-24T19:42:59","modified_gmt":"2021-03-24T19:42:59","slug":"jefosp-2015","status":"publish","type":"page","link":"https:\/\/jefosp.bf\/?page_id=537","title":{"rendered":"JEFOSP 2015"},"content":{"rendered":"<div class=\"kvgmc6g5 cxmmr5t8 oygrvhab hcukyx3x c1et5uql ii04i59q\">\n<div dir=\"auto\"><strong>La 3e \u00e9dition d\u00e9bute le 25 mars 2015<\/strong><\/div>\n<\/div>\n<div class=\"o9v6fnle cxmmr5t8 oygrvhab hcukyx3x c1et5uql ii04i59q\">\n<div dir=\"auto\">Rendez vous au Lyc\u00e9e Philippe Zinda KABORE, le mercredi 25 mars au vendredi 27 mars 2015, dans le cadre des Journ\u00e9es d\u2019\u00e9changes sur l\u2019Education, la Formation, l\u2019Orientation et l\u2019Insertion scolaire et professionnelle au Burkina Faso (JEFOSP).<\/div>\n<\/div>\n<div class=\"o9v6fnle cxmmr5t8 oygrvhab hcukyx3x c1et5uql ii04i59q\">\n<div dir=\"auto\">Une occasion pour les \u00e9l\u00e8ves et les parents d\u2019\u00e9l\u00e8ves de venir d\u00e9couvrir les fili\u00e8res de formation et d\u2019en savoir plus sur les orientations scolaires \u00e0 travers des conseils.<\/div>\n<\/div>\n","protected":false},"excerpt":{"rendered":"<p>La 3e \u00e9dition d\u00e9bute le 25 mars 2015 Rendez vous au Lyc\u00e9e Philippe Zinda KABORE, le mercredi 25 mars au vendredi 27 mars 2015, dans le cadre des Journ\u00e9es d\u2019\u00e9changes sur l\u2019Education, la Formation, l\u2019Orientation et l\u2019Insertion scolaire et professionnelle au Burkina Faso (JEFOSP). Une occasion pour les \u00e9l\u00e8ves et les parents d\u2019\u00e9l\u00e8ves de venir [&hellip;]<\/p>\n","protected":false},"author":1,"featured_media":0,"parent":0,"menu_order":0,"comment_status":"closed","ping_status":"closed","template":"","meta":{"footnotes":""},"class_list":["post-537","page","type-page","status-publish","hentry"],"_links":{"self":[{"href":"https:\/\/jefosp.bf\/index.php?rest_route=\/wp\/v2\/pages\/537","targetHints":{"allow":["GET"]}}],"collection":[{"href":"https:\/\/jefosp.bf\/index.php?rest_route=\/wp\/v2\/pages"}],"about":[{"href":"https:\/\/jefosp.bf\/index.php?rest_route=\/wp\/v2\/types\/page"}],"author":[{"embeddable":true,"href":"https:\/\/jefosp.bf\/index.php?rest_route=\/wp\/v2\/users\/1"}],"replies":[{"embeddable":true,"href":"https:\/\/jefosp.bf\/index.php?rest_route=%2Fwp%2Fv2%2Fcomments&post=537"}],"version-history":[{"count":0,"href":"https:\/\/jefosp.bf\/index.php?rest_route=\/wp\/v2\/pages\/537\/revisions"}],"wp:attachment":[{"href":"https:\/\/jefosp.bf\/index.php?rest_route=%2Fwp%2Fv2%2Fmedia&parent=537"}],"curies":[{"name":"wp","href":"https:\/\/api.w.org\/{rel}","templated":true}]}}